{"id":39,"date":"2019-08-19T10:49:59","date_gmt":"2019-08-19T08:49:59","guid":{"rendered":"https:\/\/moser-baumaschinen.de\/mobile-funkmasten\/?page_id=39"},"modified":"2019-08-20T09:53:14","modified_gmt":"2019-08-20T07:53:14","slug":"datenschutz","status":"publish","type":"page","link":"https:\/\/moser-baumaschinen.de\/mobile-funkmasten\/datenschutz\/","title":{"rendered":"Datenschutz"},"content":{"rendered":"<h4>Datenschutzhinweise<br \/>\ngem\u00e4\u00df EU-Datenschutz-Grundverordnung<\/h4>\n<ul>\n<li>Moser GmbH &amp; Co. Baumaschinen KG, Werner-von-Siemens-Stra\u00dfe 32, 94447 Plattling<\/li>\n<li>Moser Baumaschinen Vertriebs-GmbH, Hans-B\u00f6ckler-Stra\u00dfe 2, 93142 Maxh\u00fctte-Haidhof<\/li>\n<li>Moser Baumaschinen Vertriebs GmbH, Berndlring 16, 83352 Altenmarkt<\/li>\n<li>Moser Baumaschinen M\u00fcnchen GmbH, Kesselbodenstra\u00dfe 19, 85391 Allershausen<\/li>\n<\/ul>\n<p>Mit den nachfolgenden Informationen geben wir Ihnen einen \u00dcberblick \u00fcber die Verarbeitung ihrer personenbezogenen Daten durch uns und Ihre Rechte aus dem Datenschutzrecht. Welche Daten im Einzelnen verarbeitet und in welcher Weise genutzt werden, k\u00f6nnen Sie den nachfolgenden Ausf\u00fchrungen entnehmen.<\/p>\n<p>Bitte geben Sie die Informationen auch den aktuellen und k\u00fcnftigen vertretungsberechtigten Personen und wirtschaftlichen Berechtigten sowie Mitverpflichteten weiter.<\/p>\n<h5>1. Erhebung und Speicherung personenbezogener Daten sowie Art und Zweck und deren Verwendung<\/h5>\n<p>Wir verarbeiten personenbezogene Daten, die wir von Ihnen in Ihrer Funktion als Kunde \/ Gesch\u00e4ftspartner \/ Lieferant erhalten.<\/p>\n<p>Relevante, personenbezogene Daten k\u00f6nnen sein:<\/p>\n<p>Name, Adresse, weitere Kontaktdaten wie Telefon, Mobilfunknummer, Fax, E-Mail-Adresse, Ansprechpartner in einer Firma usw.<\/p>\n<p>Wir verarbeiten die genannten personenbezogenen Daten im Einklang mit den Bestimmungen der Datenschutz-Grundverordnung (DGSVO) und dem Bundesdatenschutzgesetz (BDSG):<\/p>\n<ul>\n<li>Zur Erf\u00fcllung von vertraglichen Pflichten (Art. 6 I b DSGVO): Die Verarbeitung personenbezogener Daten erfolgt zur Anbahnung, Durchf\u00fchrung und Abwicklung von Anfragen, Angeboten, Bestellungen, Auftr\u00e4gen, Mietvertr\u00e4gen und sonstigem Schriftverkehr per Post, E-Mail oder Fax.<\/li>\n<\/ul>\n<p>Die Datenverarbeitung erfolgt auf Ihre Anfrage hin und ist nach Art. 6 Abs. 1 S. 1 lit. b DSGVO zu den genannten Zwecken f\u00fcr die angemessene Bearbeitung und f\u00fcr die beidseitige Erf\u00fcllung von Verpflichtungen erforderlich.<\/p>\n<p>Die von uns erhobenen personenbezogenen Daten werden bis zum Ablauf der gesetzlichen Aufbewahrungspflicht (10 Jahre nach Ablauf des Kalenderjahres, in dem der Zweck erf\u00fcllt wurde) gespeichert und danach gel\u00f6scht, es sei denn, dass wir nach Art. 6 Abs. 1 S. 1 lit. c DSGVO aufgrund von steuer- und handelsrechtlichen Aufbewahrungs- und Dokumentationspflichten (aus HGB, StGB oder AO) zu einer l\u00e4ngeren Speicherung verpflichtet sind oder Sie in eine dar\u00fcber hinausgehende Speicherung nach Art. 6 Abs. 1 S. 1 lit. a DSGVO eingewilligt haben.<\/p>\n<h5>2. Weitergabe von Daten an Dritte<\/h5>\n<p>Eine \u00dcbermittlung Ihrer pers\u00f6nlichen Daten an Dritte zu anderen als den im Folgenden aufgef\u00fchrten Zwecken findet nicht statt.<\/p>\n<p>Innerhalb unseres Unternehmens erhalten diejenigen Zugriff auf Ihre Daten, die diese zur Erf\u00fcllung unserer vertraglichen und gesetzlichen Pflichten brauchen. Auch von uns eingesetzte Dienstleister und Erf\u00fcllungsgehilfen k\u00f6nnen zu diesen Zwecken Daten erhalten, wenn diese unsere schriftlichen oder m\u00fcndlichen datenschutzrechtlichen Weisungen wahren. Informationen \u00fcber Sie d\u00fcrfen nur weitergegeben werden, wenn gesetzliche, auftragliche oder vertragliche Bestimmungen dies gebieten.<\/p>\n<p>Soweit dies nach Art. 6 Abs. 1 S. 1 lit. B DSGVO f\u00fcr die Abwicklung von den unter 1 genannten Zwecken erforderlich ist, werden Ihre personenbezogenen Daten an Dritte (wie z. B. Beh\u00f6rden, Lieferanten, Rechtsanw\u00e4lte, Gerichte, Creditreform, usw.) weitergegeben.<\/p>\n<h5>3. Betroffenenrechte<\/h5>\n<p>Sie haben das Recht:<\/p>\n<ul>\n<li>gem\u00e4\u00df Art. 7 Abs. 3 DSGVO Ihre einmal erteilte Einwilligung jederzeit gegen\u00fcber uns zu widerrufen. Dies hat zur Folge, dass wir die Datenverarbeitung, die auf dieser Einwilligung beruhte, f\u00fcr die Zukunft nicht mehr fortfahren d\u00fcrfen;<\/li>\n<li>gem\u00e4\u00df Art. 15 DSGVO Auskunft \u00fcber Ihre von uns verarbeitenden personenbezogenen Daten zu verlangen. Insbesondere k\u00f6nnen Sie die Auskunft \u00fcber die Verarbeitungszwecke, die Kategorie der personenbezogenen Daten, die Kategorie von Empf\u00e4ngern, gegen\u00fcber denen Ihre Daten offengelegt wurden oder werden, die geplante Speicherdauer, das Bestehen eines Rechts auf Berichtigung, L\u00f6schung, Einschr\u00e4nkung der Verarbeitung oder Widerspruch, das Bestehen eines Beschwerderechts, die Herkunft ihrer Daten, sofern diese nicht bei uns erhoben wurden, sowie \u00fcber das Bestehen einer automatisierten Entscheidungsfindung einschlie\u00dflich Profiling und ggf. aussagekr\u00e4ftigen Informationen zu deren Einzelheiten verlangen;<\/li>\n<li>gem\u00e4\u00df Art. 16 DSGVO unverz\u00fcglich die Berichtigung unrichtiger oder Vervollst\u00e4ndigung Ihrer bei uns gespeicherten personenbezogenen Daten zu verlangen;<\/li>\n<li>gem\u00e4\u00df Art. 17 DSGVO die L\u00f6schung Ihrer bei uns gespeicherten personenbezogenen Daten zu verlangen, soweit nicht die Verarbeitung zur Aus\u00fcbung des Rechts auf freie Meinungs\u00e4u\u00dferung und Information, zur Erf\u00fcllung einer rechtlichen Verpflichtung, aus Gr\u00fcnden des \u00f6ffentlichen Interesses oder zur Geltendmachung, Aus\u00fcbung oder Verteidigung von Rechtsanspr\u00fcchen erforderlich ist;<\/li>\n<li>gem\u00e4\u00df Art. 18 DSGVO die Einschr\u00e4nkung der Verarbeitung Ihrer personenbezogenen Daten zur verlangen, soweit die Richtigkeit der Daten von Ihnen bestritten wird, die Verarbeitung unrechtm\u00e4\u00dfig ist, Sie aber deren L\u00f6schung ablehnen und wir die Daten nicht mehr ben\u00f6tigen, Sie jedoch diese zur Geltendmachung, Aus\u00fcbung oder Verteidigung von Rechtsanspr\u00fcchen ben\u00f6tigen oder die gem\u00e4\u00df Art. 21 DSGVO Widerspruch gegen die Verarbeitung eingelegt haben;<\/li>\n<li>gem\u00e4\u00df Art. 20 DSGVO Ihre personenbezogenen Daten, die Sie uns bereitgestellt haben, in einem strukturierten, g\u00e4ngigen und maschinenlesebaren Format zu erhalten oder die \u00dcbermittlung an einen anderen Verantwortlichen zu verlangen und<\/li>\n<li>gem\u00e4\u00df Art. 77 DSGVO sich bei einer Aufsichtsbeh\u00f6rde zu beschweren. In der Regel k\u00f6nnen Sie sich hierf\u00fcr an die Aufsichtsbeh\u00f6rde Ihres \u00fcblichen Aufenthaltsortes oder Arbeitsplatzes oder unseren Firmensitzes wenden.<\/li>\n<\/ul>\n<h5>4. Widerspruchsrecht<\/h5>\n<p>Sofern Ihre personenbezogenen Daten auf Grundlage von berechtigten Interessen gem\u00e4\u00df Art. 6 Abs. 1 S 1 lit. f DSGVO verarbeitet werden, haben Sie das Recht, gem\u00e4\u00df Art. 21 DSGVO Widerspruch gegen die Verarbeitung Ihrer personenbezogene Daten einzulegen, soweit daf\u00fcr Gr\u00fcnde vorliegen, die sich aus Ihrer besonderen Situation ergeben.<\/p>\n<p>M\u00f6chten Sie von Ihrem Widerspruchsrecht Gebrauch machen, gen\u00fcgt eine E-Mail an <a href=\"mailto:datenschutz@moser-baumaschinen.de\">datenschutz@moser-baumaschinen.de<\/a>.<\/p>\n","protected":false},"excerpt":{"rendered":"<p>Datenschutzhinweise gem\u00e4\u00df EU-Datenschutz-Grundverordnung Moser GmbH &amp; Co. Baumaschinen KG, Werner-von-Siemens-Stra\u00dfe 32, 94447 [&hellip;]<\/p>\n","protected":false},"author":1,"featured_media":0,"parent":0,"menu_order":0,"comment_status":"closed","ping_status":"closed","template":"","meta":[],"_links":{"self":[{"href":"https:\/\/moser-baumaschinen.de\/mobile-funkmasten\/wp-json\/wp\/v2\/pages\/39"}],"collection":[{"href":"https:\/\/moser-baumaschinen.de\/mobile-funkmasten\/wp-json\/wp\/v2\/pages"}],"about":[{"href":"https:\/\/moser-baumaschinen.de\/mobile-funkmasten\/wp-json\/wp\/v2\/types\/page"}],"author":[{"embeddable":true,"href":"https:\/\/moser-baumaschinen.de\/mobile-funkmasten\/wp-json\/wp\/v2\/users\/1"}],"replies":[{"embeddable":true,"href":"https:\/\/moser-baumaschinen.de\/mobile-funkmasten\/wp-json\/wp\/v2\/comments?post=39"}],"version-history":[{"count":7,"href":"https:\/\/moser-baumaschinen.de\/mobile-funkmasten\/wp-json\/wp\/v2\/pages\/39\/revisions"}],"predecessor-version":[{"id":58,"href":"https:\/\/moser-baumaschinen.de\/mobile-funkmasten\/wp-json\/wp\/v2\/pages\/39\/revisions\/58"}],"wp:attachment":[{"href":"https:\/\/moser-baumaschinen.de\/mobile-funkmasten\/wp-json\/wp\/v2\/media?parent=39"}],"curies":[{"name":"wp","href":"https:\/\/api.w.org\/{rel}","templated":true}]}}